{"id":955,"date":"2015-10-29T18:19:57","date_gmt":"2015-10-29T17:19:57","guid":{"rendered":"http:\/\/new.winchester.hu\/?page_id=955"},"modified":"2022-08-30T17:40:39","modified_gmt":"2022-08-30T16:40:39","slug":"kapcsolat","status":"publish","type":"page","link":"https:\/\/www.btabp.hu\/?page_id=955","title":{"rendered":"T\u00e1mogatna?"},"content":{"rendered":"<p><span style=\"font-size: 12pt; color: #000000; font-family: tahoma, arial, helvetica, sans-serif;\">Az oktat\u00e1s fontos! Ebben t\u00e1n egyet\u00e9rt\u00fcnk. M\u00e9gis sokan vannak, akik nem tal\u00e1lj\u00e1k hely\u00fcket iskol\u00e1inkban. <\/span><br \/>\n<span style=\"font-size: 12pt; color: #000000; font-family: tahoma, arial, helvetica, sans-serif;\"> Mi vel\u00fck dolgozunk, nekik szavazunk bizalmat.<\/span><br \/>\n<span style=\"font-size: 12pt; color: #000000; font-family: tahoma, arial, helvetica, sans-serif;\"> Hissz\u00fck, hogy minden ember k\u00e9pes tanulni \u00e9s fejl\u0151dik, ha figyelembe vessz\u00fck egy\u00e9ni ig\u00e9nyeit\u00a0\u00e9s megfelel\u0151 k\u00f6rnyezetet\u00a0 teremt\u00fcnk sz\u00e1m\u00e1ra a fejl\u0151d\u00e9shez, tanul\u00e1shoz.<\/span><\/p>\n<p><span style=\"font-size: 12pt; color: #000000; font-family: tahoma, arial, helvetica, sans-serif;\"> K\u00c9RJ\u00dcK, ha egyet\u00e9rt vel\u00fcnk t\u00e1mogassa munk\u00e1nkat:<\/span><\/p>\n<p><span style=\"font-size: 12pt; color: #000000; font-family: tahoma, arial, helvetica, sans-serif;\">Ad\u00f3ja 1 % &#8211; \u00e1val: \u00a0 <strong>19023009 &#8211; 1 &#8211; 42<\/strong><\/span><\/p>\n<p><span style=\"font-size: 12pt; color: #000000; font-family: tahoma, arial, helvetica, sans-serif;\">vagy<\/span><\/p>\n<p><span style=\"font-size: 12pt; color: #000000; font-family: tahoma, arial, helvetica, sans-serif;\">Adom\u00e1nnyal: \u00a0 \u00a0 \u00a0 <strong>\u00a010700385 &#8211; 26620000 &#8211; 51100005<\/strong><\/span><\/p>\n<p><span style=\"font-size: 12pt; color: #000000; font-family: tahoma, arial, helvetica, sans-serif;\">Tisztelettel, a Belv\u00e1rosi Tanoda Alap\u00edtv\u00e1ny munkat\u00e1rsai nev\u00e9ben,<\/span><\/p>\n<p><span style=\"font-size: 12pt; color: #000000; font-family: tahoma, arial, helvetica, sans-serif;\">Gy\u0151rik Edit<br \/>\neln\u00f6k<\/span><\/p>\n<p style=\"text-align: justify;\"><span style=\"color: #000000; font-family: tahoma, arial, helvetica, sans-serif;\">\u00a0<\/span><\/p>\n","protected":false},"excerpt":{"rendered":"<p>Az oktat\u00e1s fontos! Ebben t\u00e1n egyet\u00e9rt\u00fcnk. M\u00e9gis sokan vannak, akik nem tal\u00e1lj\u00e1k hely\u00fcket iskol\u00e1inkban. Mi vel\u00fck dolgozunk, nekik szavazunk bizalmat. Hissz\u00fck, hogy minden ember k\u00e9pes tanulni \u00e9s fejl\u0151dik, ha figyelembe vessz\u00fck egy\u00e9ni ig\u00e9nyeit\u00a0\u00e9s megfelel\u0151 k\u00f6rnyezetet\u00a0 teremt\u00fcnk sz\u00e1m\u00e1ra a fejl\u0151d\u00e9shez, tanul\u00e1shoz. K\u00c9RJ\u00dcK, ha egyet\u00e9rt vel\u00fcnk t\u00e1mogassa munk\u00e1nkat: Ad\u00f3ja 1 % &#8211; \u00e1val: \u00a0 19023009 &#8211; 1 [&hellip;]<\/p>\n","protected":false},"author":5,"featured_media":0,"parent":0,"menu_order":9,"comment_status":"closed","ping_status":"closed","template":"","meta":[],"_links":{"self":[{"href":"https:\/\/www.btabp.hu\/index.php?rest_route=\/wp\/v2\/pages\/955"}],"collection":[{"href":"https:\/\/www.btabp.hu\/index.php?rest_route=\/wp\/v2\/pages"}],"about":[{"href":"https:\/\/www.btabp.hu\/index.php?rest_route=\/wp\/v2\/types\/page"}],"author":[{"embeddable":true,"href":"https:\/\/www.btabp.hu\/index.php?rest_route=\/wp\/v2\/users\/5"}],"replies":[{"embeddable":true,"href":"https:\/\/www.btabp.hu\/index.php?rest_route=%2Fwp%2Fv2%2Fcomments&post=955"}],"version-history":[{"count":14,"href":"https:\/\/www.btabp.hu\/index.php?rest_route=\/wp\/v2\/pages\/955\/revisions"}],"predecessor-version":[{"id":1403,"href":"https:\/\/www.btabp.hu\/index.php?rest_route=\/wp\/v2\/pages\/955\/revisions\/1403"}],"wp:attachment":[{"href":"https:\/\/www.btabp.hu\/index.php?rest_route=%2Fwp%2Fv2%2Fmedia&parent=955"}],"curies":[{"name":"wp","href":"https:\/\/api.w.org\/{rel}","templated":true}]}}